{"id":153,"date":"2023-06-02T06:18:15","date_gmt":"2023-06-02T06:18:15","guid":{"rendered":"https:\/\/vcp.lt\/?page_id=153"},"modified":"2023-06-02T06:18:15","modified_gmt":"2023-06-02T06:18:15","slug":"kontaktai","status":"publish","type":"page","link":"https:\/\/www.vcp.lt\/?page_id=153","title":{"rendered":"Kontaktai"},"content":{"rendered":"\n<p><\/p>\n\n\n\n<div class=\"wp-block-columns is-layout-flex wp-container-core-columns-is-layout-28f84493 wp-block-columns-is-layout-flex\">\n<div class=\"wp-block-column is-layout-flow wp-block-column-is-layout-flow\">\n<p><strong>AB \u201ePanev\u0117\u017eio statybos trestas\u201c<\/strong><\/p>\n\n\n\n<p>P. Puzino g. 1, LT-35173<br>Panev\u0117\u017eys, Lietuva<\/p>\n\n\n\n<p>Tel.: +370 618 21360<br>El. pa\u0161tas: <a href=\"mailto:pst@pst.lt\">pst@pst.lt<\/a><\/p>\n\n\n\n<p><strong>Kontaktinis asmuo nuomos klausimais:<\/strong><\/p>\n\n\n\n<p>Juozas Vy\u0161niauskas<br>\u016akio tarnybos vadovas<br>Laisv\u0117s a. 26, LT-35200, Panev\u0117\u017eys<\/p>\n\n\n\n<p>Tel.: +370 614 51429<br>El. pa\u0161tas: jvysniauskas@pst.lt<\/p>\n<\/div>\n\n\n\n<div class=\"wp-block-column is-layout-flow wp-block-column-is-layout-flow\">\n<figure class=\"wp-block-image size-full is-resized is-style-default\"><img loading=\"lazy\" decoding=\"async\" width=\"700\" height=\"386\" src=\"https:\/\/www.vcp.lt\/wp-content\/uploads\/2023\/06\/k_1-1.jpg\" alt=\"\" class=\"wp-image-157\" style=\"width:700px;height:386px\" srcset=\"https:\/\/www.vcp.lt\/wp-content\/uploads\/2023\/06\/k_1-1.jpg 700w, https:\/\/www.vcp.lt\/wp-content\/uploads\/2023\/06\/k_1-1-300x165.jpg 300w\" sizes=\"auto, (max-width: 700px) 100vw, 700px\" \/><\/figure>\n<\/div>\n<\/div>\n","protected":false},"excerpt":{"rendered":"<p>AB \u201ePanev\u0117\u017eio statybos trestas\u201c P. Puzino g. 1, LT-35173Panev\u0117\u017eys, Lietuva Tel.: +370 618 21360El. pa\u0161tas: pst@pst.lt Kontaktinis asmuo nuomos klausimais: Juozas Vy\u0161niauskas\u016akio tarnybos vadovasLaisv\u0117s a. 26, LT-35200, Panev\u0117\u017eys Tel.: +370 614 51429El. pa\u0161tas: jvysniauskas@pst.lt<\/p>\n","protected":false},"author":1,"featured_media":0,"parent":0,"menu_order":0,"comment_status":"closed","ping_status":"closed","template":"","meta":{"footnotes":""},"class_list":["post-153","page","type-page","status-publish","hentry"],"_links":{"self":[{"href":"https:\/\/www.vcp.lt\/index.php?rest_route=\/wp\/v2\/pages\/153","targetHints":{"allow":["GET"]}}],"collection":[{"href":"https:\/\/www.vcp.lt\/index.php?rest_route=\/wp\/v2\/pages"}],"about":[{"href":"https:\/\/www.vcp.lt\/index.php?rest_route=\/wp\/v2\/types\/page"}],"author":[{"embeddable":true,"href":"https:\/\/www.vcp.lt\/index.php?rest_route=\/wp\/v2\/users\/1"}],"replies":[{"embeddable":true,"href":"https:\/\/www.vcp.lt\/index.php?rest_route=%2Fwp%2Fv2%2Fcomments&post=153"}],"version-history":[{"count":0,"href":"https:\/\/www.vcp.lt\/index.php?rest_route=\/wp\/v2\/pages\/153\/revisions"}],"wp:attachment":[{"href":"https:\/\/www.vcp.lt\/index.php?rest_route=%2Fwp%2Fv2%2Fmedia&parent=153"}],"curies":[{"name":"wp","href":"https:\/\/api.w.org\/{rel}","templated":true}]}}