{"id":21,"date":"2023-04-25T10:04:25","date_gmt":"2023-04-25T10:04:25","guid":{"rendered":"https:\/\/vcp.lt\/?page_id=21"},"modified":"2023-04-25T10:04:25","modified_gmt":"2023-04-25T10:04:25","slug":"21-2","status":"publish","type":"page","link":"https:\/\/www.vcp.lt\/?page_id=21","title":{"rendered":""},"content":{"rendered":"\n<p class=\"has-text-align-center has-medium-font-size\">Biur\u0173 ir komercini\u0173 patalp\u0173 nuoma strategi\u0161kai verslui patogioje vietoje &#8211; Panev\u0117\u017eio miesto centre.<\/p>\n\n\n\n<figure class=\"wp-block-image size-full\"><img loading=\"lazy\" decoding=\"async\" width=\"983\" height=\"491\" src=\"https:\/\/www.vcp.lt\/wp-content\/uploads\/2023\/04\/town-background3-1.png\" alt=\"\" class=\"wp-image-66\" srcset=\"https:\/\/www.vcp.lt\/wp-content\/uploads\/2023\/04\/town-background3-1.png 983w, https:\/\/www.vcp.lt\/wp-content\/uploads\/2023\/04\/town-background3-1-300x150.png 300w, https:\/\/www.vcp.lt\/wp-content\/uploads\/2023\/04\/town-background3-1-768x384.png 768w\" sizes=\"auto, (max-width: 983px) 100vw, 983px\" \/><\/figure>\n","protected":false},"excerpt":{"rendered":"<p>Biur\u0173 ir komercini\u0173 patalp\u0173 nuoma strategi\u0161kai verslui patogioje vietoje &#8211; Panev\u0117\u017eio miesto centre.<\/p>\n","protected":false},"author":1,"featured_media":0,"parent":0,"menu_order":0,"comment_status":"closed","ping_status":"closed","template":"","meta":{"footnotes":""},"class_list":["post-21","page","type-page","status-publish","hentry"],"_links":{"self":[{"href":"https:\/\/www.vcp.lt\/index.php?rest_route=\/wp\/v2\/pages\/21","targetHints":{"allow":["GET"]}}],"collection":[{"href":"https:\/\/www.vcp.lt\/index.php?rest_route=\/wp\/v2\/pages"}],"about":[{"href":"https:\/\/www.vcp.lt\/index.php?rest_route=\/wp\/v2\/types\/page"}],"author":[{"embeddable":true,"href":"https:\/\/www.vcp.lt\/index.php?rest_route=\/wp\/v2\/users\/1"}],"replies":[{"embeddable":true,"href":"https:\/\/www.vcp.lt\/index.php?rest_route=%2Fwp%2Fv2%2Fcomments&post=21"}],"version-history":[{"count":1,"href":"https:\/\/www.vcp.lt\/index.php?rest_route=\/wp\/v2\/pages\/21\/revisions"}],"predecessor-version":[{"id":192,"href":"https:\/\/www.vcp.lt\/index.php?rest_route=\/wp\/v2\/pages\/21\/revisions\/192"}],"wp:attachment":[{"href":"https:\/\/www.vcp.lt\/index.php?rest_route=%2Fwp%2Fv2%2Fmedia&parent=21"}],"curies":[{"name":"wp","href":"https:\/\/api.w.org\/{rel}","templated":true}]}}