{"id":75,"date":"2023-04-27T06:28:24","date_gmt":"2023-04-27T06:28:24","guid":{"rendered":"https:\/\/vcp.lt\/?page_id=75"},"modified":"2023-04-27T06:28:24","modified_gmt":"2023-04-27T06:28:24","slug":"apie-mus","status":"publish","type":"page","link":"https:\/\/www.vcp.lt\/?page_id=75","title":{"rendered":"Apie mus"},"content":{"rendered":"\n<p>Ie\u0161kote patalp\u0173 biurui ar komercijai, atraskite<strong> \u201eVerslo centr\u0105 Panev\u0117\u017eys\u201c<\/strong>, \u012fsik\u016brus\u012f strategi\u0161kai verslui patogioje, presti\u017ein\u0117je Panev\u0117\u017eio miesto dalyje \u2013 centre, Laisv\u0117s a. 26. Biur\u0173 ir komercini\u0173 patalp\u0173 nuomininkai verslo centre naudojasi pagal j\u0173 norus ir poreikius \u012frengtomis patalpomis.<\/p>\n\n\n\n<p><strong>,,Verslo centras Panev\u0117\u017eys&#8221;<\/strong> vilioja ne tik geru patalp\u0173 nuomos kainos ir kokyb\u0117s santykiu, bet ir puikia vieta: \u012fsik\u016br\u0119s pa\u010diame Panev\u0117\u017eio miesto centre. Visi\u0161kai netoli svarbiausi miesto objektai ir, svarbiausia, verslo vystymui naudingos \u012fstaigos \u2013 vie\u0161bu\u010diai, Panev\u0117\u017eio miesto ir rajono savivaldyb\u0117s, bankai, draudimo kompanijos ir k.t. Vieta ypatingai lengvai pasiekiama automobiliu arba vie\u0161uoju transportu.<\/p>\n\n\n\n<p>\u0160alia pastato yra privati<strong> \u201eVerslo centrui Panev\u0117\u017eys\u201c<\/strong> priklausanti automobili\u0173 stov\u0117jimo aik\u0161tel\u0117.<\/p>\n\n\n\n","protected":false},"excerpt":{"rendered":"<p>Ie\u0161kote patalp\u0173 biurui ar komercijai, atraskite \u201eVerslo centr\u0105 Panev\u0117\u017eys\u201c, \u012fsik\u016brus\u012f strategi\u0161kai verslui patogioje, presti\u017ein\u0117je Panev\u0117\u017eio miesto dalyje \u2013 centre, Laisv\u0117s a. 26. Biur\u0173 ir komercini\u0173 patalp\u0173 nuomininkai verslo centre naudojasi pagal j\u0173 norus ir poreikius \u012frengtomis patalpomis. ,,Verslo centras Panev\u0117\u017eys&#8221; vilioja ne tik geru patalp\u0173 nuomos kainos ir kokyb\u0117s santykiu, bet ir puikia vieta: \u012fsik\u016br\u0119s [&hellip;]<\/p>\n","protected":false},"author":1,"featured_media":0,"parent":0,"menu_order":0,"comment_status":"closed","ping_status":"closed","template":"","meta":{"footnotes":""},"class_list":["post-75","page","type-page","status-publish","hentry"],"_links":{"self":[{"href":"https:\/\/www.vcp.lt\/index.php?rest_route=\/wp\/v2\/pages\/75","targetHints":{"allow":["GET"]}}],"collection":[{"href":"https:\/\/www.vcp.lt\/index.php?rest_route=\/wp\/v2\/pages"}],"about":[{"href":"https:\/\/www.vcp.lt\/index.php?rest_route=\/wp\/v2\/types\/page"}],"author":[{"embeddable":true,"href":"https:\/\/www.vcp.lt\/index.php?rest_route=\/wp\/v2\/users\/1"}],"replies":[{"embeddable":true,"href":"https:\/\/www.vcp.lt\/index.php?rest_route=%2Fwp%2Fv2%2Fcomments&post=75"}],"version-history":[{"count":0,"href":"https:\/\/www.vcp.lt\/index.php?rest_route=\/wp\/v2\/pages\/75\/revisions"}],"wp:attachment":[{"href":"https:\/\/www.vcp.lt\/index.php?rest_route=%2Fwp%2Fv2%2Fmedia&parent=75"}],"curies":[{"name":"wp","href":"https:\/\/api.w.org\/{rel}","templated":true}]}}